{"id":2279,"date":"2021-06-29T07:53:13","date_gmt":"2021-06-29T07:53:13","guid":{"rendered":"https:\/\/banbilans.me\/temas-etmek\/"},"modified":"2024-09-26T11:34:58","modified_gmt":"2024-09-26T11:34:58","slug":"temas-etmek","status":"publish","type":"page","link":"https:\/\/banbilans.me\/tr\/temas-etmek\/","title":{"rendered":"Temas etmek"},"content":{"rendered":"\t\t<div data-elementor-type=\"wp-page\" data-elementor-id=\"2279\" class=\"elementor elementor-2279 elementor-531\">\n\t\t\t\t\t\t<section class=\"elementor-section elementor-top-section elementor-element elementor-element-6e48aa2 elementor-section-full_width elementor-section-content-middle elementor-section-height-default elementor-section-height-default parallax_section_no qode_elementor_container_no\" data-id=\"6e48aa2\" data-element_type=\"section\" data-settings=\"{&quot;background_background&quot;:&quot;classic&quot;}\">\n\t\t\t\t\t\t<div class=\"elementor-container elementor-column-gap-default\">\n\t\t\t\t\t<div class=\"elementor-column elementor-col-100 elementor-top-column elementor-element elementor-element-58e502a\" data-id=\"58e502a\" data-element_type=\"column\">\n\t\t\t<div class=\"elementor-widget-wrap elementor-element-populated\">\n\t\t\t\t\t\t<div class=\"elementor-element elementor-element-750b079 elementor-widget elementor-widget-spacer\" data-id=\"750b079\" data-element_type=\"widget\" data-widget_type=\"spacer.default\">\n\t\t\t\t<div class=\"elementor-widget-container\">\n\t\t\t\t\t\t\t<div class=\"elementor-spacer\">\n\t\t\t<div class=\"elementor-spacer-inner\"><\/div>\n\t\t<\/div>\n\t\t\t\t\t\t<\/div>\n\t\t\t\t<\/div>\n\t\t\t\t<div class=\"elementor-element elementor-element-f7c41be elementor-widget elementor-widget-text-editor\" data-id=\"f7c41be\" data-element_type=\"widget\" data-widget_type=\"text-editor.default\">\n\t\t\t\t<div class=\"elementor-widget-container\">\n\t\t\t\t\t\t\t\t\t<h2>Sorunuz<\/h2>\n\t\t\t\t\t\t\t\t<\/div>\n\t\t\t\t<\/div>\n\t\t\t\t<div class=\"elementor-element elementor-element-a332916 elementor-widget elementor-widget-text-editor\" data-id=\"a332916\" data-element_type=\"widget\" data-widget_type=\"text-editor.default\">\n\t\t\t\t<div class=\"elementor-widget-container\">\n\t\t\t\t\t\t\t\t\t<h3>Senin i\u00e7in buraday\u0131z<\/h3>\n\t\t\t\t\t\t\t\t<\/div>\n\t\t\t\t<\/div>\n\t\t\t\t<div class=\"elementor-element elementor-element-64bdf58 elementor-widget elementor-widget-spacer\" data-id=\"64bdf58\" data-element_type=\"widget\" data-widget_type=\"spacer.default\">\n\t\t\t\t<div class=\"elementor-widget-container\">\n\t\t\t\t\t\t\t<div class=\"elementor-spacer\">\n\t\t\t<div class=\"elementor-spacer-inner\"><\/div>\n\t\t<\/div>\n\t\t\t\t\t\t<\/div>\n\t\t\t\t<\/div>\n\t\t\t\t<div class=\"elementor-element elementor-element-b517947 fluentform-widget-submit-button-custom elementor-widget elementor-widget-fluent-form-widget\" data-id=\"b517947\" data-element_type=\"widget\" data-widget_type=\"fluent-form-widget.default\">\n\t\t\t\t<div class=\"elementor-widget-container\">\n\t\t\t\t\t\n            <div class=\"fluentform-widget-wrapper fluentform-widget-align-default\">\n\n            \n            <div class='fluentform ff-default fluentform_wrapper_3 ffs_default_wrap'><form data-form_id=\"3\" id=\"fluentform_3\" class=\"frm-fluent-form fluent_form_3 ff-el-form-top ff_form_instance_3_1 ff-form-loading ffs_default\" data-form_instance=\"ff_form_instance_3_1\" method=\"POST\" ><fieldset  style=\"border: none!important;margin: 0!important;padding: 0!important;background-color: transparent!important;box-shadow: none!important;outline: none!important; min-inline-size: 100%;\">\n                    <legend class=\"ff_screen_reader_title\" style=\"display: block; margin: 0!important;padding: 0!important;height: 0!important;text-indent: -999999px;width: 0!important;overflow:hidden;\">Kontaktirajte nas<\/legend><input type='hidden' name='__fluent_form_embded_post_id' value='2279' \/><input type=\"hidden\" id=\"_fluentform_3_fluentformnonce\" name=\"_fluentform_3_fluentformnonce\" value=\"a34cb5d1bc\" \/><input type=\"hidden\" name=\"_wp_http_referer\" value=\"\/tr\/wp-json\/wp\/v2\/pages\/2279\" \/><div data-type=\"name-element\" data-name=\"names\" class=\" ff-field_container ff-name-field-wrapper\" ><div class='ff-t-container'><div class='ff-t-cell '><div class='ff-el-group'><div class=\"ff-el-input--label asterisk-right\"><label for='ff_3_names_first_name_' id='label_ff_3_names_first_name_' >Ime<\/label><\/div><div class='ff-el-input--content'><input type=\"text\" name=\"names[first_name]\" id=\"ff_3_names_first_name_\" class=\"ff-el-form-control\" placeholder=\"Ime\" aria-invalid=\"false\" aria-required=false><\/div><\/div><\/div><div class='ff-t-cell '><div class='ff-el-group'><div class=\"ff-el-input--label asterisk-right\"><label for='ff_3_names_last_name_' id='label_ff_3_names_last_name_' >Prezime<\/label><\/div><div class='ff-el-input--content'><input type=\"text\" name=\"names[last_name]\" id=\"ff_3_names_last_name_\" class=\"ff-el-form-control\" placeholder=\"Prezime\" aria-invalid=\"false\" aria-required=false><\/div><\/div><\/div><\/div><\/div><div class='ff-el-group'><div class=\"ff-el-input--label ff-el-is-required asterisk-right\"><label for='ff_3_email' id='label_ff_3_email' aria-label=\"Email\">Email<\/label><\/div><div class='ff-el-input--content'><input type=\"email\" name=\"email\" id=\"ff_3_email\" class=\"ff-el-form-control\" placeholder=\"Email adresa\" data-name=\"email\"  aria-invalid=\"false\" aria-required=true><\/div><\/div><div class='ff-el-group'><div class=\"ff-el-input--label ff-el-is-required asterisk-right\"><label for='ff_3_subject' id='label_ff_3_subject' aria-label=\"Va\u0161e Pitanje\">Va\u0161e Pitanje<\/label><\/div><div class='ff-el-input--content'><input type=\"text\" name=\"subject\" class=\"ff-el-form-control\" placeholder=\"Va\u0161e Pitanje\" data-name=\"subject\" id=\"ff_3_subject\"  aria-invalid=\"false\" aria-required=true><\/div><\/div><div class='ff-el-group'><div class=\"ff-el-input--label asterisk-right\"><label for='ff_3_message' id='label_ff_3_message' aria-label=\"Dodatne Informacije\">Dodatne Informacije<\/label><\/div><div class='ff-el-input--content'><textarea aria-required=\"false\" aria-labelledby=\"label_ff_3_message\" name=\"message\" id=\"ff_3_message\" class=\"ff-el-form-control\" placeholder=\"Dodatne Informacije\" rows=\"4\" cols=\"2\" data-name=\"message\" ><\/textarea><\/div><\/div><div class='ff-el-group ff-text-left ff_submit_btn_wrapper'><button type=\"submit\" class=\"ff-btn ff-btn-submit ff-btn-md ff_btn_style\"  aria-label=\"Po\u0161aljite\">Po\u0161aljite<\/button><\/div><\/fieldset><\/form><div id='fluentform_3_errors' class='ff-errors-in-stack ff_form_instance_3_1 ff-form-loading_errors ff_form_instance_3_1_errors'><\/div><\/div>            <script type=\"text\/javascript\">\n                window.fluent_form_ff_form_instance_3_1 = {\"id\":\"3\",\"settings\":{\"layout\":{\"labelPlacement\":\"top\",\"helpMessagePlacement\":\"with_label\",\"errorMessagePlacement\":\"inline\",\"cssClassName\":\"\",\"asteriskPlacement\":\"asterisk-right\"},\"restrictions\":{\"denyEmptySubmission\":{\"enabled\":false}}},\"form_instance\":\"ff_form_instance_3_1\",\"form_id_selector\":\"fluentform_3\",\"rules\":{\"names[first_name]\":{\"required\":{\"value\":false,\"message\":\"This field is required\"}},\"names[middle_name]\":{\"required\":{\"value\":false,\"message\":\"This field is required\"}},\"names[last_name]\":{\"required\":{\"value\":false,\"message\":\"This field is required\"}},\"email\":{\"required\":{\"value\":true,\"message\":\"This field is required\"},\"email\":{\"value\":true,\"message\":\"This field must contain a valid email\"}},\"subject\":{\"required\":{\"value\":true,\"message\":\"Molim vas unesite pitanje\"}},\"message\":{\"required\":{\"value\":false,\"message\":\"This field is required\"}}},\"debounce_time\":300};\n                            <\/script>\n                        <\/div>\n\n            \t\t\t\t<\/div>\n\t\t\t\t<\/div>\n\t\t\t\t<div class=\"elementor-element elementor-element-4bafab6 elementor-widget elementor-widget-spacer\" data-id=\"4bafab6\" data-element_type=\"widget\" data-widget_type=\"spacer.default\">\n\t\t\t\t<div class=\"elementor-widget-container\">\n\t\t\t\t\t\t\t<div class=\"elementor-spacer\">\n\t\t\t<div class=\"elementor-spacer-inner\"><\/div>\n\t\t<\/div>\n\t\t\t\t\t\t<\/div>\n\t\t\t\t<\/div>\n\t\t\t\t<div class=\"elementor-element elementor-element-474dcc7 elementor-widget__width-initial elementor-widget elementor-widget-text-editor\" data-id=\"474dcc7\" data-element_type=\"widget\" data-widget_type=\"text-editor.default\">\n\t\t\t\t<div class=\"elementor-widget-container\">\n\t\t\t\t\t\t\t\t\t<h3> <\/h3>\n<h3><a href=\"https:\/\/maps.app.goo.gl\/XFg4ZXmxzx7g1Aaj6\">Soho City, Lamela A PP 6A<\/a><\/h3>\n<h3><a href=\"https:\/\/maps.app.goo.gl\/XFg4ZXmxzx7g1Aaj6\">Bar, Crna Gora<\/a><br \/>Bizi aray\u0131n: <a href=\"tel:+38230309447\">+38230309747<\/a><\/h3>\n<h3><a href=\"tel:+38269323747\">  +38269323747<\/a><\/h3>\n\t\t\t\t\t\t\t\t<\/div>\n\t\t\t\t<\/div>\n\t\t\t\t<div class=\"elementor-element elementor-element-11155be elementor-widget elementor-widget-spacer\" data-id=\"11155be\" data-element_type=\"widget\" data-widget_type=\"spacer.default\">\n\t\t\t\t<div class=\"elementor-widget-container\">\n\t\t\t\t\t\t\t<div class=\"elementor-spacer\">\n\t\t\t<div class=\"elementor-spacer-inner\"><\/div>\n\t\t<\/div>\n\t\t\t\t\t\t<\/div>\n\t\t\t\t<\/div>\n\t\t\t\t<section class=\"elementor-section elementor-inner-section elementor-element elementor-element-38f78a1 elementor-section-full_width qode_elementor_container_inner elementor-section-height-default elementor-section-height-default parallax_section_no\" data-id=\"38f78a1\" data-element_type=\"section\">\n\t\t\t\t\t\t<div class=\"elementor-container elementor-column-gap-default\">\n\t\t\t\t\t<div class=\"elementor-column elementor-col-100 elementor-inner-column elementor-element elementor-element-61bcba0\" data-id=\"61bcba0\" data-element_type=\"column\">\n\t\t\t<div class=\"elementor-widget-wrap elementor-element-populated\">\n\t\t\t\t\t\t<div class=\"elementor-element elementor-element-9a36fd6 elementor-widget elementor-widget-google_maps\" data-id=\"9a36fd6\" data-element_type=\"widget\" data-widget_type=\"google_maps.default\">\n\t\t\t\t<div class=\"elementor-widget-container\">\n\t\t\t\t\t\t\t<div class=\"elementor-custom-embed\">\n\t\t\t<iframe loading=\"lazy\"\n\t\t\t\t\tsrc=\"https:\/\/maps.google.com\/maps?q=Ban%20Bilans&#038;t=m&#038;z=17&#038;output=embed&#038;iwloc=near\"\n\t\t\t\t\ttitle=\"Ban Bilans\"\n\t\t\t\t\taria-label=\"Ban Bilans\"\n\t\t\t><\/iframe>\n\t\t<\/div>\n\t\t\t\t\t\t<\/div>\n\t\t\t\t<\/div>\n\t\t\t\t\t<\/div>\n\t\t<\/div>\n\t\t\t\t\t<\/div>\n\t\t<\/section>\n\t\t\t\t<section class=\"elementor-section elementor-inner-section elementor-element elementor-element-127cc4a elementor-section-full_width qode_elementor_container_inner elementor-section-height-default elementor-section-height-default parallax_section_no\" data-id=\"127cc4a\" data-element_type=\"section\">\n\t\t\t\t\t\t<div class=\"elementor-container elementor-column-gap-default\">\n\t\t\t\t\t<div class=\"elementor-column elementor-col-100 elementor-inner-column elementor-element elementor-element-e8110ed\" data-id=\"e8110ed\" data-element_type=\"column\">\n\t\t\t<div class=\"elementor-widget-wrap elementor-element-populated\">\n\t\t\t\t\t\t<div class=\"elementor-element elementor-element-305a597 elementor-widget elementor-widget-spacer\" data-id=\"305a597\" data-element_type=\"widget\" data-widget_type=\"spacer.default\">\n\t\t\t\t<div class=\"elementor-widget-container\">\n\t\t\t\t\t\t\t<div class=\"elementor-spacer\">\n\t\t\t<div class=\"elementor-spacer-inner\"><\/div>\n\t\t<\/div>\n\t\t\t\t\t\t<\/div>\n\t\t\t\t<\/div>\n\t\t\t\t\t<\/div>\n\t\t<\/div>\n\t\t\t\t\t<\/div>\n\t\t<\/section>\n\t\t\t\t\t<\/div>\n\t\t<\/div>\n\t\t\t\t\t<\/div>\n\t\t<\/section>\n\t\t\t\t<section class=\"elementor-section elementor-top-section elementor-element elementor-element-22c524f elementor-section-full_width elementor-section-height-min-height elementor-section-content-middle elementor-section-height-default elementor-section-items-middle parallax_section_no qode_elementor_container_no\" data-id=\"22c524f\" data-element_type=\"section\" data-settings=\"{&quot;background_background&quot;:&quot;classic&quot;}\">\n\t\t\t\t\t\t<div class=\"elementor-container elementor-column-gap-default\">\n\t\t\t\t\t<div class=\"elementor-column elementor-col-100 elementor-top-column elementor-element elementor-element-8c8a804\" data-id=\"8c8a804\" data-element_type=\"column\">\n\t\t\t<div class=\"elementor-widget-wrap elementor-element-populated\">\n\t\t\t\t\t\t<div class=\"elementor-element elementor-element-13f3bf7 elementor-widget elementor-widget-bridge_clients\" data-id=\"13f3bf7\" data-element_type=\"widget\" data-widget_type=\"bridge_clients.default\">\n\t\t\t\t<div class=\"elementor-widget-container\">\n\t\t\t\t\t\n        <div class=\"qode_clients clearfix five_columns qode_clients_switch_images qode_clients_switch_fade qode_clients_separators_disabled\">\n\n            <div class=\"qode_client_holder\"><div class=\"qode_client_holder_inner\"><div class=\"qode_client_image_holder\"><a itemprop=\"url\" href=\"#\" target=\"_self\"><img decoding=\"async\" itemprop=\"image\" class=\"qode_client_main_image\" src=\"https:\/\/banbilans.me\/wp-content\/uploads\/2023\/10\/Brand-initial-Simple-Logo-1-1.png\" alt=\"\" \/><img decoding=\"async\" itemprop=\"image\" class=\"qode_client_hover_image\" src=\"https:\/\/banbilans.me\/wp-content\/uploads\/2023\/10\/Brand-initial-Simple-Logo-1-1.png\" alt=\"\" \/><\/a><\/div><div class=\"qode_client_image_hover\"><\/div><\/div><\/div><div class=\"qode_client_holder\"><div class=\"qode_client_holder_inner\"><div class=\"qode_client_image_holder\"><a itemprop=\"url\" href=\"#\" target=\"_self\"><img decoding=\"async\" itemprop=\"image\" class=\"qode_client_main_image\" src=\"https:\/\/banbilans.me\/wp-content\/uploads\/2023\/10\/Brand-initial-Simple-Logo.png\" alt=\"\" \/><img decoding=\"async\" itemprop=\"image\" class=\"qode_client_hover_image\" src=\"https:\/\/banbilans.me\/wp-content\/uploads\/2023\/10\/Brand-initial-Simple-Logo.png\" alt=\"\" \/><\/a><\/div><div class=\"qode_client_image_hover\"><\/div><\/div><\/div><div class=\"qode_client_holder\"><div class=\"qode_client_holder_inner\"><div class=\"qode_client_image_holder\"><a itemprop=\"url\" href=\"#\" target=\"_self\"><img decoding=\"async\" itemprop=\"image\" class=\"qode_client_main_image\" src=\"https:\/\/banbilans.me\/wp-content\/uploads\/2023\/10\/Brand-initial-Simple-Logo-2.png\" alt=\"\" \/><img decoding=\"async\" itemprop=\"image\" class=\"qode_client_hover_image\" src=\"https:\/\/banbilans.me\/wp-content\/uploads\/2023\/10\/Brand-initial-Simple-Logo-2.png\" alt=\"\" \/><\/a><\/div><div class=\"qode_client_image_hover\"><\/div><\/div><\/div><div class=\"qode_client_holder\"><div class=\"qode_client_holder_inner\"><div class=\"qode_client_image_holder\"><a itemprop=\"url\" href=\"#\" target=\"_self\"><img decoding=\"async\" itemprop=\"image\" class=\"qode_client_main_image\" src=\"https:\/\/banbilans.me\/wp-content\/uploads\/2023\/10\/Brand-initial-Simple-Logo-3.png\" alt=\"\" \/><img decoding=\"async\" itemprop=\"image\" class=\"qode_client_hover_image\" src=\"https:\/\/banbilans.me\/wp-content\/uploads\/2023\/10\/Brand-initial-Simple-Logo-3.png\" alt=\"\" \/><\/a><\/div><div class=\"qode_client_image_hover\"><\/div><\/div><\/div><div class=\"qode_client_holder\"><div class=\"qode_client_holder_inner\"><div class=\"qode_client_image_holder\"><a itemprop=\"url\" href=\"#\" target=\"_self\"><img decoding=\"async\" itemprop=\"image\" class=\"qode_client_main_image\" src=\"https:\/\/banbilans.me\/wp-content\/uploads\/2023\/10\/Brand-initial-Simple-Logo-4.png\" alt=\"\" \/><img decoding=\"async\" itemprop=\"image\" class=\"qode_client_hover_image\" src=\"https:\/\/banbilans.me\/wp-content\/uploads\/2023\/10\/Brand-initial-Simple-Logo-4.png\" alt=\"\" \/><\/a><\/div><div class=\"qode_client_image_hover\"><\/div><\/div><\/div>\n        <\/div>\n\n        \t\t\t\t<\/div>\n\t\t\t\t<\/div>\n\t\t\t\t\t<\/div>\n\t\t<\/div>\n\t\t\t\t\t<\/div>\n\t\t<\/section>\n\t\t\t\t<\/div>\n\t\t","protected":false},"excerpt":{"rendered":"<p>Sorunuz Senin i\u00e7in buraday\u0131z Kontaktirajte nas ImePrezimeEmailVa\u0161e PitanjeDodatne InformacijePo\u0161aljite Soho City, Lamela A PP 6A Bar, Crna GoraBizi aray\u0131n: +38230309747 +38269323747<\/p>\n","protected":false},"author":1,"featured_media":2280,"parent":0,"menu_order":0,"comment_status":"closed","ping_status":"closed","template":"full_width.php","meta":{"_uf_show_specific_survey":0,"_uf_disable_surveys":false,"footnotes":""},"class_list":["post-2279","page","type-page","status-publish","has-post-thumbnail","hentry"],"yoast_head":"<!-- This site is optimized with the Yoast SEO Premium plugin v21.2 (Yoast SEO v26.6) - https:\/\/yoast.com\/wordpress\/plugins\/seo\/ -->\n<title>Temas etmek | Ban Bilans | G\u00fcvenilir orta\u011f\u0131n\u0131z<\/title>\n<meta name=\"description\" content=\"Ban Bilans muhasebedeki orta\u011f\u0131n\u0131zd\u0131r. Muhasebe d\u00fcnyas\u0131na ili\u015fkin t\u00fcm bilgilere ula\u015fmak i\u00e7in bizimle ileti\u015fime ge\u00e7in.\" \/>\n<meta name=\"robots\" content=\"index, follow, max-snippet:-1, max-image-preview:large, max-video-preview:-1\" \/>\n<link rel=\"canonical\" href=\"https:\/\/banbilans.me\/tr\/temas-etmek\/\" \/>\n<meta property=\"og:locale\" content=\"tr_TR\" \/>\n<meta property=\"og:type\" content=\"article\" \/>\n<meta property=\"og:title\" content=\"Temas etmek\" \/>\n<meta property=\"og:description\" content=\"Ban Bilans muhasebedeki orta\u011f\u0131n\u0131zd\u0131r. Muhasebe d\u00fcnyas\u0131na ili\u015fkin t\u00fcm bilgilere ula\u015fmak i\u00e7in bizimle ileti\u015fime ge\u00e7in.\" \/>\n<meta property=\"og:url\" content=\"https:\/\/banbilans.me\/tr\/temas-etmek\/\" \/>\n<meta property=\"og:site_name\" content=\"Ban Bilans\" \/>\n<meta property=\"article:modified_time\" content=\"2024-09-26T11:34:58+00:00\" \/>\n<meta property=\"og:image\" content=\"https:\/\/banbilans.me\/wp-content\/uploads\/2023\/10\/MicrosoftTeams-image-15.png\" \/>\n\t<meta property=\"og:image:width\" content=\"1010\" \/>\n\t<meta property=\"og:image:height\" content=\"547\" \/>\n\t<meta property=\"og:image:type\" content=\"image\/png\" \/>\n<meta name=\"twitter:card\" content=\"summary_large_image\" \/>\n<script type=\"application\/ld+json\" class=\"yoast-schema-graph\">{\"@context\":\"https:\/\/schema.org\",\"@graph\":[{\"@type\":\"WebPage\",\"@id\":\"https:\/\/banbilans.me\/tr\/temas-etmek\/\",\"url\":\"https:\/\/banbilans.me\/tr\/temas-etmek\/\",\"name\":\"Temas etmek | Ban Bilans | G\u00fcvenilir orta\u011f\u0131n\u0131z\",\"isPartOf\":{\"@id\":\"https:\/\/banbilans.me\/#website\"},\"primaryImageOfPage\":{\"@id\":\"https:\/\/banbilans.me\/tr\/temas-etmek\/#primaryimage\"},\"image\":{\"@id\":\"https:\/\/banbilans.me\/tr\/temas-etmek\/#primaryimage\"},\"thumbnailUrl\":\"https:\/\/banbilans.me\/wp-content\/uploads\/2023\/10\/MicrosoftTeams-image-15.png\",\"datePublished\":\"2021-06-29T07:53:13+00:00\",\"dateModified\":\"2024-09-26T11:34:58+00:00\",\"description\":\"Ban Bilans muhasebedeki orta\u011f\u0131n\u0131zd\u0131r. Muhasebe d\u00fcnyas\u0131na ili\u015fkin t\u00fcm bilgilere ula\u015fmak i\u00e7in bizimle ileti\u015fime ge\u00e7in.\",\"breadcrumb\":{\"@id\":\"https:\/\/banbilans.me\/tr\/temas-etmek\/#breadcrumb\"},\"inLanguage\":\"tr-TR\",\"potentialAction\":[{\"@type\":\"ReadAction\",\"target\":[\"https:\/\/banbilans.me\/tr\/temas-etmek\/\"]}]},{\"@type\":\"ImageObject\",\"inLanguage\":\"tr-TR\",\"@id\":\"https:\/\/banbilans.me\/tr\/temas-etmek\/#primaryimage\",\"url\":\"https:\/\/banbilans.me\/wp-content\/uploads\/2023\/10\/MicrosoftTeams-image-15.png\",\"contentUrl\":\"https:\/\/banbilans.me\/wp-content\/uploads\/2023\/10\/MicrosoftTeams-image-15.png\",\"width\":1010,\"height\":547},{\"@type\":\"BreadcrumbList\",\"@id\":\"https:\/\/banbilans.me\/tr\/temas-etmek\/#breadcrumb\",\"itemListElement\":[{\"@type\":\"ListItem\",\"position\":1,\"name\":\"Home\",\"item\":\"https:\/\/banbilans.me\/tr\/\"},{\"@type\":\"ListItem\",\"position\":2,\"name\":\"Temas etmek\"}]},{\"@type\":\"WebSite\",\"@id\":\"https:\/\/banbilans.me\/#website\",\"url\":\"https:\/\/banbilans.me\/\",\"name\":\"Ban Bilans\",\"description\":\"Vas partner u racunovodjstvu i financijama\",\"publisher\":{\"@id\":\"https:\/\/banbilans.me\/#organization\"},\"potentialAction\":[{\"@type\":\"SearchAction\",\"target\":{\"@type\":\"EntryPoint\",\"urlTemplate\":\"https:\/\/banbilans.me\/?s={search_term_string}\"},\"query-input\":{\"@type\":\"PropertyValueSpecification\",\"valueRequired\":true,\"valueName\":\"search_term_string\"}}],\"inLanguage\":\"tr-TR\"},{\"@type\":\"Organization\",\"@id\":\"https:\/\/banbilans.me\/#organization\",\"name\":\"Ban Bilans\",\"url\":\"https:\/\/banbilans.me\/\",\"logo\":{\"@type\":\"ImageObject\",\"inLanguage\":\"tr-TR\",\"@id\":\"https:\/\/banbilans.me\/#\/schema\/logo\/image\/\",\"url\":\"https:\/\/banbilans.me\/wp-content\/uploads\/2023\/10\/Asset-4@4x-100.jpg\",\"contentUrl\":\"https:\/\/banbilans.me\/wp-content\/uploads\/2023\/10\/Asset-4@4x-100.jpg\",\"width\":731,\"height\":634,\"caption\":\"Ban Bilans\"},\"image\":{\"@id\":\"https:\/\/banbilans.me\/#\/schema\/logo\/image\/\"}}]}<\/script>\n<!-- \/ Yoast SEO Premium plugin. -->","yoast_head_json":{"title":"Temas etmek | Ban Bilans | G\u00fcvenilir orta\u011f\u0131n\u0131z","description":"Ban Bilans muhasebedeki orta\u011f\u0131n\u0131zd\u0131r. Muhasebe d\u00fcnyas\u0131na ili\u015fkin t\u00fcm bilgilere ula\u015fmak i\u00e7in bizimle ileti\u015fime ge\u00e7in.","robots":{"index":"index","follow":"follow","max-snippet":"max-snippet:-1","max-image-preview":"max-image-preview:large","max-video-preview":"max-video-preview:-1"},"canonical":"https:\/\/banbilans.me\/tr\/temas-etmek\/","og_locale":"tr_TR","og_type":"article","og_title":"Temas etmek","og_description":"Ban Bilans muhasebedeki orta\u011f\u0131n\u0131zd\u0131r. Muhasebe d\u00fcnyas\u0131na ili\u015fkin t\u00fcm bilgilere ula\u015fmak i\u00e7in bizimle ileti\u015fime ge\u00e7in.","og_url":"https:\/\/banbilans.me\/tr\/temas-etmek\/","og_site_name":"Ban Bilans","article_modified_time":"2024-09-26T11:34:58+00:00","og_image":[{"width":1010,"height":547,"url":"https:\/\/banbilans.me\/wp-content\/uploads\/2023\/10\/MicrosoftTeams-image-15.png","type":"image\/png"}],"twitter_card":"summary_large_image","schema":{"@context":"https:\/\/schema.org","@graph":[{"@type":"WebPage","@id":"https:\/\/banbilans.me\/tr\/temas-etmek\/","url":"https:\/\/banbilans.me\/tr\/temas-etmek\/","name":"Temas etmek | Ban Bilans | G\u00fcvenilir orta\u011f\u0131n\u0131z","isPartOf":{"@id":"https:\/\/banbilans.me\/#website"},"primaryImageOfPage":{"@id":"https:\/\/banbilans.me\/tr\/temas-etmek\/#primaryimage"},"image":{"@id":"https:\/\/banbilans.me\/tr\/temas-etmek\/#primaryimage"},"thumbnailUrl":"https:\/\/banbilans.me\/wp-content\/uploads\/2023\/10\/MicrosoftTeams-image-15.png","datePublished":"2021-06-29T07:53:13+00:00","dateModified":"2024-09-26T11:34:58+00:00","description":"Ban Bilans muhasebedeki orta\u011f\u0131n\u0131zd\u0131r. Muhasebe d\u00fcnyas\u0131na ili\u015fkin t\u00fcm bilgilere ula\u015fmak i\u00e7in bizimle ileti\u015fime ge\u00e7in.","breadcrumb":{"@id":"https:\/\/banbilans.me\/tr\/temas-etmek\/#breadcrumb"},"inLanguage":"tr-TR","potentialAction":[{"@type":"ReadAction","target":["https:\/\/banbilans.me\/tr\/temas-etmek\/"]}]},{"@type":"ImageObject","inLanguage":"tr-TR","@id":"https:\/\/banbilans.me\/tr\/temas-etmek\/#primaryimage","url":"https:\/\/banbilans.me\/wp-content\/uploads\/2023\/10\/MicrosoftTeams-image-15.png","contentUrl":"https:\/\/banbilans.me\/wp-content\/uploads\/2023\/10\/MicrosoftTeams-image-15.png","width":1010,"height":547},{"@type":"BreadcrumbList","@id":"https:\/\/banbilans.me\/tr\/temas-etmek\/#breadcrumb","itemListElement":[{"@type":"ListItem","position":1,"name":"Home","item":"https:\/\/banbilans.me\/tr\/"},{"@type":"ListItem","position":2,"name":"Temas etmek"}]},{"@type":"WebSite","@id":"https:\/\/banbilans.me\/#website","url":"https:\/\/banbilans.me\/","name":"Ban Bilans","description":"Vas partner u racunovodjstvu i financijama","publisher":{"@id":"https:\/\/banbilans.me\/#organization"},"potentialAction":[{"@type":"SearchAction","target":{"@type":"EntryPoint","urlTemplate":"https:\/\/banbilans.me\/?s={search_term_string}"},"query-input":{"@type":"PropertyValueSpecification","valueRequired":true,"valueName":"search_term_string"}}],"inLanguage":"tr-TR"},{"@type":"Organization","@id":"https:\/\/banbilans.me\/#organization","name":"Ban Bilans","url":"https:\/\/banbilans.me\/","logo":{"@type":"ImageObject","inLanguage":"tr-TR","@id":"https:\/\/banbilans.me\/#\/schema\/logo\/image\/","url":"https:\/\/banbilans.me\/wp-content\/uploads\/2023\/10\/Asset-4@4x-100.jpg","contentUrl":"https:\/\/banbilans.me\/wp-content\/uploads\/2023\/10\/Asset-4@4x-100.jpg","width":731,"height":634,"caption":"Ban Bilans"},"image":{"@id":"https:\/\/banbilans.me\/#\/schema\/logo\/image\/"}}]}},"_links":{"self":[{"href":"https:\/\/banbilans.me\/tr\/wp-json\/wp\/v2\/pages\/2279","targetHints":{"allow":["GET"]}}],"collection":[{"href":"https:\/\/banbilans.me\/tr\/wp-json\/wp\/v2\/pages"}],"about":[{"href":"https:\/\/banbilans.me\/tr\/wp-json\/wp\/v2\/types\/page"}],"author":[{"embeddable":true,"href":"https:\/\/banbilans.me\/tr\/wp-json\/wp\/v2\/users\/1"}],"replies":[{"embeddable":true,"href":"https:\/\/banbilans.me\/tr\/wp-json\/wp\/v2\/comments?post=2279"}],"version-history":[{"count":5,"href":"https:\/\/banbilans.me\/tr\/wp-json\/wp\/v2\/pages\/2279\/revisions"}],"predecessor-version":[{"id":2412,"href":"https:\/\/banbilans.me\/tr\/wp-json\/wp\/v2\/pages\/2279\/revisions\/2412"}],"wp:featuredmedia":[{"embeddable":true,"href":"https:\/\/banbilans.me\/tr\/wp-json\/wp\/v2\/media\/2280"}],"wp:attachment":[{"href":"https:\/\/banbilans.me\/tr\/wp-json\/wp\/v2\/media?parent=2279"}],"curies":[{"name":"wp","href":"https:\/\/api.w.org\/{rel}","templated":true}]}}